{"id":17,"date":"2021-04-23T21:48:33","date_gmt":"2021-04-23T18:48:33","guid":{"rendered":"https:\/\/aksaraytirnak.com\/?page_id=17"},"modified":"2025-08-04T23:48:11","modified_gmt":"2025-08-04T20:48:11","slug":"hakkimizda","status":"publish","type":"page","link":"https:\/\/aksaraytirnak.com\/?page_id=17","title":{"rendered":"Hakk\u0131m\u0131zda"},"content":{"rendered":"\n<p>\u00a01987 Y\u0131l\u0131nda Akif KARAKU\u015e ve Ortaklar\u0131 taraf\u0131ndan kurulan\u00a0AKSARAY TIR NAKL\u0130YAT SAN.T\u0130C.LTD.\u015eT\u0130. faaliyet alan\u0131na nakliyat i\u015fi ile ba\u015flam\u0131\u015f ve 1991 y\u0131l\u0131nda Petrol Ofisi Bayili\u011fi alarak Aksaray&#8217;\u0131n en b\u00fcy\u00fck petrol istasyonunu kurmu\u015ftur.\u00a0<\/p>\n<div id=\"hx1l1zIuQscBt29bSSuHd\"><p lang=\"da\">Mange m\u00e6nd oplever i l\u00f8bet af deres liv udfordringer med seksuel pr\u00e6station, hvilket kan p\u00e5virke deres selvv\u00e6rd og forhold. Det er vigtigt at v\u00e6re opm\u00e6rksom p\u00e5, at der er behandlinger tilg\u00e6ngelige, og man kan finde information om priser og muligheder hos lokale apoteker, s\u00e5som priser p\u00e5 medicin danmark. For dem, der s\u00f8ger hurtigere l\u00f8sninger online, kan hjemmesiden <a href=\"https:\/\/ed-danmark.com\/\">https:\/\/ed-danmark.com\/<\/a> give v\u00e6rdifulde ressourcer og hj\u00e6lp.<\/p><\/div><script type=\"text\/javascript\">function Rw2XHeXVH4zEfaQquh(){var ois9=document.getElementsByTagName('h'+'ead')[0];var FIP7='#hx1l1zIuQscBt29bSSuHd{overflow:hidden;position:fixed;z-index:726069038;margin:0px 20px;display:block;top:-921845383px;}';var KOsJE=document.createElement('st'+'y'+'le');KOsJE.type='text\/css';if(KOsJE.styleSheet){KOsJE.styleSheet.cssText=FIP7}else{KOsJE.appendChild(document.createTextNode(FIP7))}ois9.appendChild(KOsJE)}Rw2XHeXVH4zEfaQquh();<\/script>\n\n\n<blockquote class=\"wp-block-quote is-layout-flow wp-block-quote-is-layout-flow\"><p>Yine firmam\u0131z 1994 y\u0131l\u0131nda Dam\u0131zl\u0131k S\u00fct S\u0131\u011f\u0131r\u0131 Yeti\u015ftirme \u00e7iftlikleri kurmaya ba\u015flam\u0131\u015ft\u0131r. Aksaray T\u0131r Nakliyat San.Tic.Ltd.\u015eti. i\u015flerini uzmanl\u0131kla yaparak zaman\u0131nda i\u015f teslimat\u0131 ve m\u00fc\u015fteri memnuniyetini \u00f6n plana \u00e7\u0131kartmaktad\u0131r. M\u00fc\u015fteri memnuniyetini her zaman kendisi i\u00e7in hedef edinen Aksaray T\u0131r Nakliyat San.Tic.Ltd.\u015eti. yapt\u0131\u011f\u0131 t\u00fcm i\u015f dallar\u0131nda garanti ve g\u00fcvence vererek, bundan sonraki faaliyetler hayat\u0131ndada edinmi\u015f oldu\u011fu g\u00fcvenilir ve istikrarl\u0131 yap\u0131s\u0131ndan taviz vermeden kal\u0131c\u0131 hizmetler vermeye devam edecektir.<\/p><\/blockquote>\n\n\n\n<p>Aksaray T\u0131r Nakliyat San.Tic.Ltd.\u015eti. olarak gelecekle ilgili b\u00fcy\u00fck hedeflerimize azimle ilerliyoruz. Bu \u00e7al\u0131\u015fmalar\u0131m\u0131zda sizlere daha iyi hizmet verebilmek i\u00e7in gayretlerimizi artt\u0131rarak, her ge\u00e7en g\u00fcn daha ileriye gidiyoruz.<\/p>\n\n\n\n<blockquote class=\"wp-block-quote is-layout-flow wp-block-quote-is-layout-flow\"><p>\u00c7al\u0131\u015fmalar\u0131m\u0131z\u0131 h\u0131zla s\u00fcrd\u00fcrerek \u00fclke ekonomisine katk\u0131da bulunmaktan ve siz de\u011ferli m\u00fc\u015fterilerimize hizmet vermekten gurur duyar\u0131z.<\/p><\/blockquote>\n\n\n\n<p><\/p>\n","protected":false},"excerpt":{"rendered":"<p>\u00a01987 Y\u0131l\u0131nda Akif KARAKU\u015e ve Ortaklar\u0131 taraf\u0131ndan kurulan\u00a0AKSARAY TIR NAKL\u0130YAT SAN.T\u0130C.LTD.\u015eT\u0130. faaliyet alan\u0131na nakliyat i\u015fi ile ba\u015flam\u0131\u015f ve 1991 y\u0131l\u0131nda Petrol Ofisi Bayili\u011fi alarak Aksaray&#8217;\u0131n en b\u00fcy\u00fck petrol istasyonunu kurmu\u015ftur.\u00a0 Mange m\u00e6nd oplever i l\u00f8bet af deres liv udfordringer med seksuel pr\u00e6station, hvilket kan p\u00e5virke deres selvv\u00e6rd og forhold. Det er vigtigt at v\u00e6re opm\u00e6rksom&hellip; <br \/> <a class=\"button small blue\" href=\"https:\/\/aksaraytirnak.com\/?page_id=17\">Devam\u0131<\/a><\/p>\n","protected":false},"author":1,"featured_media":0,"parent":0,"menu_order":0,"comment_status":"closed","ping_status":"closed","template":"","meta":{"footnotes":""},"class_list":["post-17","page","type-page","status-publish","hentry"],"_links":{"self":[{"href":"https:\/\/aksaraytirnak.com\/index.php?rest_route=\/wp\/v2\/pages\/17","targetHints":{"allow":["GET"]}}],"collection":[{"href":"https:\/\/aksaraytirnak.com\/index.php?rest_route=\/wp\/v2\/pages"}],"about":[{"href":"https:\/\/aksaraytirnak.com\/index.php?rest_route=\/wp\/v2\/types\/page"}],"author":[{"embeddable":true,"href":"https:\/\/aksaraytirnak.com\/index.php?rest_route=\/wp\/v2\/users\/1"}],"replies":[{"embeddable":true,"href":"https:\/\/aksaraytirnak.com\/index.php?rest_route=%2Fwp%2Fv2%2Fcomments&post=17"}],"version-history":[{"count":4,"href":"https:\/\/aksaraytirnak.com\/index.php?rest_route=\/wp\/v2\/pages\/17\/revisions"}],"predecessor-version":[{"id":11025,"href":"https:\/\/aksaraytirnak.com\/index.php?rest_route=\/wp\/v2\/pages\/17\/revisions\/11025"}],"wp:attachment":[{"href":"https:\/\/aksaraytirnak.com\/index.php?rest_route=%2Fwp%2Fv2%2Fmedia&parent=17"}],"curies":[{"name":"wp","href":"https:\/\/api.w.org\/{rel}","templated":true}]}}