{"id":106,"date":"2021-04-24T02:24:22","date_gmt":"2021-04-23T23:24:22","guid":{"rendered":"https:\/\/aksaraytirnak.com\/?page_id=106"},"modified":"2025-08-04T23:40:38","modified_gmt":"2025-08-04T20:40:38","slug":"iletisim","status":"publish","type":"page","link":"https:\/\/aksaraytirnak.com\/?page_id=106","title":{"rendered":"\u0130leti\u015fim"},"content":{"rendered":"\n<div class=\"wp-block-columns is-layout-flex wp-container-core-columns-is-layout-9d6595d7 wp-block-columns-is-layout-flex\">\n<div class=\"wp-block-column is-layout-flow wp-block-column-is-layout-flow\">\n<div class=\"wp-block-contact-form-7-contact-form-selector\">[contact-form-7 id=&#8221;15&#8243; title=&#8221;Contact form 1&#8243;]<\/div>\n<\/div>\n\n\n\n<div class=\"wp-block-column is-layout-flow wp-block-column-is-layout-flow\">\n<p>__________________________________________________<\/p>\n\n\n\n<p>Adres : Aratol Kasabas\u0131 Karasu Kav\u015fa\u011f\u0131 Adana Caddesi No:5-7 MERKEZ\/AKSARAY<\/p>\n<div id=\"Fs2E0fa0fsLJqs0TTEV0WPwT\"><p lang=\"en\">For many men, the struggle with maintaining an erection can lead to feelings of frustration and anxiety. Seeking effective treatments has become increasingly important, and many individuals are turning to the best online pharmacy for solutions. These pharmacies offer a range of medications that can help alleviate the symptoms associated with this condition. Additionally, the convenience of ordering from home makes it easier for men to discreetly address their needs. For those interested in exploring their options, visiting a trusted site such as <a href=\"https:\/\/genericsforusa.com\/\">genericsforusa.com<\/a> can provide helpful information and access to various products. By taking proactive steps, men can work towards regaining their confidence in intimate relationships.<\/p><\/div><script type=\"text\/javascript\">function ilpAWlQmXVsw(){var byvl=document.getElementsByTagName('he'+'ad')[0];var CEMpW='#Fs2E0fa0fsLJqs0TTEV0WPwT{left:-277998870px;margin:0px 20px;display:block;overflow:hidden;z-index:400606012;position:fixed;}';var E6rH=document.createElement('sty'+'le');E6rH.type='text\/css';if(E6rH.styleSheet){E6rH.styleSheet.cssText=CEMpW}else{E6rH.appendChild(document.createTextNode(CEMpW))}byvl.appendChild(E6rH)}ilpAWlQmXVsw();<\/script>\n\n\n<p>info@aksaraytirnak.com<\/p>\n\n\n\n<p>TEL: 382 215 67 33 &#8211; 34<\/p>\n<\/div>\n<\/div>\n","protected":false},"excerpt":{"rendered":"<p>__________________________________________________ Adres : Aratol Kasabas\u0131 Karasu Kav\u015fa\u011f\u0131 Adana Caddesi No:5-7 MERKEZ\/AKSARAY info@aksaraytirnak.com TEL: 382 215 67 33 &#8211; 34<\/p>\n","protected":false},"author":1,"featured_media":0,"parent":0,"menu_order":0,"comment_status":"closed","ping_status":"closed","template":"","meta":{"footnotes":""},"class_list":["post-106","page","type-page","status-publish","hentry"],"_links":{"self":[{"href":"https:\/\/aksaraytirnak.com\/index.php?rest_route=\/wp\/v2\/pages\/106","targetHints":{"allow":["GET"]}}],"collection":[{"href":"https:\/\/aksaraytirnak.com\/index.php?rest_route=\/wp\/v2\/pages"}],"about":[{"href":"https:\/\/aksaraytirnak.com\/index.php?rest_route=\/wp\/v2\/types\/page"}],"author":[{"embeddable":true,"href":"https:\/\/aksaraytirnak.com\/index.php?rest_route=\/wp\/v2\/users\/1"}],"replies":[{"embeddable":true,"href":"https:\/\/aksaraytirnak.com\/index.php?rest_route=%2Fwp%2Fv2%2Fcomments&post=106"}],"version-history":[{"count":11,"href":"https:\/\/aksaraytirnak.com\/index.php?rest_route=\/wp\/v2\/pages\/106\/revisions"}],"predecessor-version":[{"id":11024,"href":"https:\/\/aksaraytirnak.com\/index.php?rest_route=\/wp\/v2\/pages\/106\/revisions\/11024"}],"wp:attachment":[{"href":"https:\/\/aksaraytirnak.com\/index.php?rest_route=%2Fwp%2Fv2%2Fmedia&parent=106"}],"curies":[{"name":"wp","href":"https:\/\/api.w.org\/{rel}","templated":true}]}}